{"id":4968,"date":"2023-05-23T14:51:36","date_gmt":"2023-05-23T13:51:36","guid":{"rendered":"https:\/\/www.ilmeloresidence.it\/trekking\/"},"modified":"2025-12-09T17:49:22","modified_gmt":"2025-12-09T16:49:22","slug":"trekking","status":"publish","type":"page","link":"https:\/\/www.ilmeloresidence.it\/en\/excursions\/trekking\/","title":{"rendered":"Trekking"},"content":{"rendered":"<p>[et_pb_section fb_built=&#8221;1&#8243; fullwidth=&#8221;on&#8221; _builder_version=&#8221;4.16&#8243; custom_padding=&#8221;0px|0px|0|0px|false|false&#8221; global_colors_info=&#8221;{}&#8221;][et_pb_fullwidth_slider _builder_version=&#8221;4.16&#8243; box_shadow_style=&#8221;preset6&#8243; box_shadow_blur=&#8221;10px&#8221; box_shadow_color=&#8221;rgba(0,0,0,0.1)&#8221; global_colors_info=&#8221;{}&#8221; button_text_size__hover_enabled=&#8221;off&#8221; button_one_text_size__hover_enabled=&#8221;off&#8221; button_two_text_size__hover_enabled=&#8221;off&#8221; button_text_color__hover_enabled=&#8221;off&#8221; button_one_text_color__hover_enabled=&#8221;off&#8221; button_two_text_color__hover_enabled=&#8221;off&#8221; button_border_width__hover_enabled=&#8221;off&#8221; button_one_border_width__hover_enabled=&#8221;off&#8221; button_two_border_width__hover_enabled=&#8221;off&#8221; button_border_color__hover_enabled=&#8221;off&#8221; button_one_border_color__hover_enabled=&#8221;off&#8221; button_two_border_color__hover_enabled=&#8221;off&#8221; button_border_radius__hover_enabled=&#8221;off&#8221; button_one_border_radius__hover_enabled=&#8221;off&#8221; button_two_border_radius__hover_enabled=&#8221;off&#8221; button_letter_spacing__hover_enabled=&#8221;off&#8221; button_one_letter_spacing__hover_enabled=&#8221;off&#8221; button_two_letter_spacing__hover_enabled=&#8221;off&#8221; button_bg_color__hover_enabled=&#8221;off&#8221; button_one_bg_color__hover_enabled=&#8221;off&#8221; button_two_bg_color__hover_enabled=&#8221;off&#8221;][et_pb_slide _builder_version=&#8221;4.16&#8243; background_color=&#8221;#ffffff&#8221; background_image=&#8221;https:\/\/www.ilmeloresidence.it\/wp-content\/uploads\/2018\/03\/20Canyoning1.jpg&#8221; global_colors_info=&#8221;{}&#8221; button_text_size__hover_enabled=&#8221;off&#8221; button_one_text_size__hover_enabled=&#8221;off&#8221; button_two_text_size__hover_enabled=&#8221;off&#8221; button_text_color__hover_enabled=&#8221;off&#8221; button_one_text_color__hover_enabled=&#8221;off&#8221; button_two_text_color__hover_enabled=&#8221;off&#8221; button_border_width__hover_enabled=&#8221;off&#8221; button_one_border_width__hover_enabled=&#8221;off&#8221; button_two_border_width__hover_enabled=&#8221;off&#8221; button_border_color__hover_enabled=&#8221;off&#8221; button_one_border_color__hover_enabled=&#8221;off&#8221; button_two_border_color__hover_enabled=&#8221;off&#8221; button_border_radius__hover_enabled=&#8221;off&#8221; button_one_border_radius__hover_enabled=&#8221;off&#8221; button_two_border_radius__hover_enabled=&#8221;off&#8221; button_letter_spacing__hover_enabled=&#8221;off&#8221; button_one_letter_spacing__hover_enabled=&#8221;off&#8221; button_two_letter_spacing__hover_enabled=&#8221;off&#8221; button_bg_color__hover_enabled=&#8221;off&#8221; button_one_bg_color__hover_enabled=&#8221;off&#8221; button_two_bg_color__hover_enabled=&#8221;off&#8221; sticky_transition=&#8221;on&#8221;][\/et_pb_slide][\/et_pb_fullwidth_slider][\/et_pb_section][et_pb_section fb_built=&#8221;1&#8243; module_id=&#8221;hpsection&#8221; _builder_version=&#8221;4.16&#8243; parallax=&#8221;on&#8221; parallax_method=&#8221;off&#8221; custom_padding=&#8221;0px|0px|0|0px|false|false&#8221; locked=&#8221;off&#8221; global_colors_info=&#8221;{}&#8221;][et_pb_row module_class=&#8221; et_pb_row_fullwidth&#8221; _builder_version=&#8221;4.16&#8243; background_size=&#8221;contain&#8221; background_position=&#8221;top_right&#8221; width=&#8221;100%&#8221; width_tablet=&#8221;100%&#8221; width_phone=&#8221;&#8221; width_last_edited=&#8221;on|desktop&#8221; max_width=&#8221;100%&#8221; max_width_tablet=&#8221;100%&#8221; max_width_phone=&#8221;&#8221; max_width_last_edited=&#8221;on|desktop&#8221; custom_padding=&#8221;0|0px|0px|0px|false|false&#8221; make_fullwidth=&#8221;on&#8221; global_colors_info=&#8221;{}&#8221;][et_pb_column type=&#8221;4_4&#8243; _builder_version=&#8221;4.16&#8243; custom_padding=&#8221;|||&#8221; global_colors_info=&#8221;{}&#8221; custom_padding__hover=&#8221;|||&#8221;][et_pb_text module_class=&#8221;verdeMela&#8221; _builder_version=&#8221;4.25.1&#8243; global_colors_info=&#8221;{}&#8221;][\/et_pb_text][\/et_pb_column][\/et_pb_row][et_pb_row module_class=&#8221;hpsectiontext&#8221; _builder_version=&#8221;4.16&#8243; custom_padding=&#8221;0|10px|0|10px|false|false&#8221; global_colors_info=&#8221;{}&#8221;][et_pb_column type=&#8221;4_4&#8243; _builder_version=&#8221;4.16&#8243; custom_padding=&#8221;|||&#8221; global_colors_info=&#8221;{}&#8221; custom_padding__hover=&#8221;|||&#8221;][et_pb_text _builder_version=&#8221;4.25.1&#8243; text_font=&#8221;ABeeZee||||||||&#8221; text_letter_spacing=&#8221;1px&#8221; text_line_height=&#8221;1.5em&#8221; text_orientation=&#8221;justified&#8221; custom_margin=&#8221;|15px||&#8221; hover_enabled=&#8221;0&#8243; global_colors_info=&#8221;{}&#8221; sticky_enabled=&#8221;0&#8243;]<\/p>\n<p><b>ESCURS\u00ec<\/b><\/p>\n<p><span style=\"font-weight: 400;\">Our desire to offer our guests a wide range of activities and excursions has led us to collaborate with <\/span><a href=\"https:\/\/www.escursi.com\/ilmeloresidence\" title=\"Escurs\u00ec\"><b>Escurs\u00ec<\/b><\/a><span style=\"font-weight: 400;\">.<\/span><\/p>\n<p><b>Escurs\u00ec<\/b><span style=\"font-weight: 400;\"> is an online platform that allows users to access a vast catalogue of excursions and experiences of various kinds, offered by different Operators throughout Sardinia.<\/span><\/p>\n<p><span style=\"font-weight: 400;\">Guests\u2014either on their own or with our assistance at Il Melo\u2014can browse the catalogue and then choose and book the experience that interests them most.<\/span><\/p>\n<p><span style=\"font-weight: 400;\">On a single website, you can select the geographical area, the type of activity, the services, and the operator offering it.<\/span><\/p>\n<p><span style=\"font-weight: 400;\">At Il Melo, you will find the catalogue of offers and an exhibition panel showcasing some example excursions.<\/span><\/p>\n<p>[\/et_pb_text][et_pb_text _builder_version=&#8221;4.16&#8243; text_font=&#8221;ABeeZee||||||||&#8221; text_letter_spacing=&#8221;1px&#8221; text_line_height=&#8221;1.5em&#8221; text_orientation=&#8221;justified&#8221; custom_margin=&#8221;|30px||&#8221; global_colors_info=&#8221;{}&#8221;][\/et_pb_text][et_pb_text _builder_version=&#8221;4.16&#8243; text_font=&#8221;ABeeZee||||||||&#8221; text_letter_spacing=&#8221;1px&#8221; text_line_height=&#8221;1.5em&#8221; text_orientation=&#8221;justified&#8221; custom_margin=&#8221;|30px||&#8221; global_colors_info=&#8221;{}&#8221;][\/et_pb_text][\/et_pb_column][\/et_pb_row][\/et_pb_section][et_pb_section fb_built=&#8221;1&#8243; _builder_version=&#8221;4.16&#8243; custom_padding=&#8221;0|0px|40.4688px|0px|false|false&#8221; global_colors_info=&#8221;{}&#8221;][et_pb_row column_structure=&#8221;1_2,1_2&#8243; module_id=&#8221;linkOnImg&#8221; module_class=&#8221;escursionibordi et_pb_row_fullwidth&#8221; _builder_version=&#8221;4.3.4&#8243; width=&#8221;89%&#8221; width_tablet=&#8221;80%&#8221; width_phone=&#8221;&#8221; width_last_edited=&#8221;on|desktop&#8221; max_width=&#8221;89%&#8221; max_width_tablet=&#8221;80%&#8221; max_width_phone=&#8221;&#8221; max_width_last_edited=&#8221;on|desktop&#8221; custom_padding=&#8221;0px|0px|0px|0px&#8221; make_fullwidth=&#8221;on&#8221; global_module=&#8221;2325&#8243; global_colors_info=&#8221;{}&#8221;][et_pb_column type=&#8221;1_2&#8243; _builder_version=&#8221;4.16&#8243; custom_padding=&#8221;|||&#8221; global_colors_info=&#8221;{}&#8221; custom_padding__hover=&#8221;|||&#8221;][et_pb_cta button_url=&#8221;https:\/\/www.ilmeloresidence.it\/en\/the-local-area\/asinara\/&#8221; button_text=&#8221;Asinara&#8221; module_class=&#8221;escubordi1&#8243; _builder_version=&#8221;4.16&#8243; background_image=&#8221;https:\/\/www.ilmeloresidence.it\/wp-content\/uploads\/2019\/02\/STINTINO-X-MELO.jpg&#8221; module_alignment=&#8221;center&#8221; global_colors_info=&#8221;{}&#8221; button_text_size__hover_enabled=&#8221;off&#8221; button_text_size__hover=&#8221;null&#8221; button_one_text_size__hover_enabled=&#8221;off&#8221; button_one_text_size__hover=&#8221;null&#8221; button_two_text_size__hover_enabled=&#8221;off&#8221; button_two_text_size__hover=&#8221;null&#8221; button_text_color__hover_enabled=&#8221;off&#8221; button_text_color__hover=&#8221;null&#8221; button_one_text_color__hover_enabled=&#8221;off&#8221; button_one_text_color__hover=&#8221;null&#8221; button_two_text_color__hover_enabled=&#8221;off&#8221; button_two_text_color__hover=&#8221;null&#8221; button_border_width__hover_enabled=&#8221;off&#8221; button_border_width__hover=&#8221;null&#8221; button_one_border_width__hover_enabled=&#8221;off&#8221; button_one_border_width__hover=&#8221;null&#8221; button_two_border_width__hover_enabled=&#8221;off&#8221; button_two_border_width__hover=&#8221;null&#8221; button_border_color__hover_enabled=&#8221;off&#8221; button_border_color__hover=&#8221;null&#8221; button_one_border_color__hover_enabled=&#8221;off&#8221; button_one_border_color__hover=&#8221;null&#8221; button_two_border_color__hover_enabled=&#8221;off&#8221; button_two_border_color__hover=&#8221;null&#8221; button_border_radius__hover_enabled=&#8221;off&#8221; button_border_radius__hover=&#8221;null&#8221; button_one_border_radius__hover_enabled=&#8221;off&#8221; button_one_border_radius__hover=&#8221;null&#8221; button_two_border_radius__hover_enabled=&#8221;off&#8221; button_two_border_radius__hover=&#8221;null&#8221; button_letter_spacing__hover_enabled=&#8221;off&#8221; button_letter_spacing__hover=&#8221;null&#8221; button_one_letter_spacing__hover_enabled=&#8221;off&#8221; button_one_letter_spacing__hover=&#8221;null&#8221; button_two_letter_spacing__hover_enabled=&#8221;off&#8221; button_two_letter_spacing__hover=&#8221;null&#8221; button_bg_color__hover_enabled=&#8221;off&#8221; button_bg_color__hover=&#8221;null&#8221; button_one_bg_color__hover_enabled=&#8221;off&#8221; button_one_bg_color__hover=&#8221;null&#8221; button_two_bg_color__hover_enabled=&#8221;off&#8221; button_two_bg_color__hover=&#8221;null&#8221;][\/et_pb_cta][et_pb_cta button_url=&#8221;https:\/\/www.ilmeloresidence.it\/en\/excursions\/trekking\/&#8221; button_text=&#8221;Trekking&#8221; module_class=&#8221;escubordi3&#8243; _builder_version=&#8221;4.16&#8243; background_image=&#8221;https:\/\/www.ilmeloresidence.it\/wp-content\/uploads\/2018\/01\/IMG_28071.jpg&#8221; module_alignment=&#8221;center&#8221; global_colors_info=&#8221;{}&#8221; button_text_size__hover_enabled=&#8221;off&#8221; button_text_size__hover=&#8221;null&#8221; button_one_text_size__hover_enabled=&#8221;off&#8221; button_one_text_size__hover=&#8221;null&#8221; button_two_text_size__hover_enabled=&#8221;off&#8221; button_two_text_size__hover=&#8221;null&#8221; button_text_color__hover_enabled=&#8221;off&#8221; button_text_color__hover=&#8221;null&#8221; button_one_text_color__hover_enabled=&#8221;off&#8221; button_one_text_color__hover=&#8221;null&#8221; button_two_text_color__hover_enabled=&#8221;off&#8221; button_two_text_color__hover=&#8221;null&#8221; button_border_width__hover_enabled=&#8221;off&#8221; button_border_width__hover=&#8221;null&#8221; button_one_border_width__hover_enabled=&#8221;off&#8221; button_one_border_width__hover=&#8221;null&#8221; button_two_border_width__hover_enabled=&#8221;off&#8221; button_two_border_width__hover=&#8221;null&#8221; button_border_color__hover_enabled=&#8221;off&#8221; button_border_color__hover=&#8221;null&#8221; button_one_border_color__hover_enabled=&#8221;off&#8221; button_one_border_color__hover=&#8221;null&#8221; button_two_border_color__hover_enabled=&#8221;off&#8221; button_two_border_color__hover=&#8221;null&#8221; button_border_radius__hover_enabled=&#8221;off&#8221; button_border_radius__hover=&#8221;null&#8221; button_one_border_radius__hover_enabled=&#8221;off&#8221; button_one_border_radius__hover=&#8221;null&#8221; button_two_border_radius__hover_enabled=&#8221;off&#8221; button_two_border_radius__hover=&#8221;null&#8221; button_letter_spacing__hover_enabled=&#8221;off&#8221; button_letter_spacing__hover=&#8221;null&#8221; button_one_letter_spacing__hover_enabled=&#8221;off&#8221; button_one_letter_spacing__hover=&#8221;null&#8221; button_two_letter_spacing__hover_enabled=&#8221;off&#8221; button_two_letter_spacing__hover=&#8221;null&#8221; button_bg_color__hover_enabled=&#8221;off&#8221; button_bg_color__hover=&#8221;null&#8221; button_one_bg_color__hover_enabled=&#8221;off&#8221; button_one_bg_color__hover=&#8221;null&#8221; button_two_bg_color__hover_enabled=&#8221;off&#8221; button_two_bg_color__hover=&#8221;null&#8221;][\/et_pb_cta][\/et_pb_column][et_pb_column type=&#8221;1_2&#8243; _builder_version=&#8221;4.16&#8243; custom_padding=&#8221;|||&#8221; global_colors_info=&#8221;{}&#8221; custom_padding__hover=&#8221;|||&#8221;][et_pb_cta button_url=&#8221;https:\/\/www.ilmeloresidence.it\/en\/excursions\/boat-trips\/&#8221; button_text=&#8221;Boat Excursions&#8221; module_class=&#8221;escubordi2&#8243; _builder_version=&#8221;4.16&#8243; background_image=&#8221;https:\/\/www.ilmeloresidence.it\/wp-content\/uploads\/2018\/02\/60997_152824821407393_7225377_n.jpg&#8221; module_alignment=&#8221;center&#8221; global_colors_info=&#8221;{}&#8221; button_text_size__hover_enabled=&#8221;off&#8221; button_text_size__hover=&#8221;null&#8221; button_one_text_size__hover_enabled=&#8221;off&#8221; button_one_text_size__hover=&#8221;null&#8221; button_two_text_size__hover_enabled=&#8221;off&#8221; button_two_text_size__hover=&#8221;null&#8221; button_text_color__hover_enabled=&#8221;off&#8221; button_text_color__hover=&#8221;null&#8221; button_one_text_color__hover_enabled=&#8221;off&#8221; button_one_text_color__hover=&#8221;null&#8221; button_two_text_color__hover_enabled=&#8221;off&#8221; button_two_text_color__hover=&#8221;null&#8221; button_border_width__hover_enabled=&#8221;off&#8221; button_border_width__hover=&#8221;null&#8221; button_one_border_width__hover_enabled=&#8221;off&#8221; button_one_border_width__hover=&#8221;null&#8221; button_two_border_width__hover_enabled=&#8221;off&#8221; button_two_border_width__hover=&#8221;null&#8221; button_border_color__hover_enabled=&#8221;off&#8221; button_border_color__hover=&#8221;null&#8221; button_one_border_color__hover_enabled=&#8221;off&#8221; button_one_border_color__hover=&#8221;null&#8221; button_two_border_color__hover_enabled=&#8221;off&#8221; button_two_border_color__hover=&#8221;null&#8221; button_border_radius__hover_enabled=&#8221;off&#8221; button_border_radius__hover=&#8221;null&#8221; button_one_border_radius__hover_enabled=&#8221;off&#8221; button_one_border_radius__hover=&#8221;null&#8221; button_two_border_radius__hover_enabled=&#8221;off&#8221; button_two_border_radius__hover=&#8221;null&#8221; button_letter_spacing__hover_enabled=&#8221;off&#8221; button_letter_spacing__hover=&#8221;null&#8221; button_one_letter_spacing__hover_enabled=&#8221;off&#8221; button_one_letter_spacing__hover=&#8221;null&#8221; button_two_letter_spacing__hover_enabled=&#8221;off&#8221; button_two_letter_spacing__hover=&#8221;null&#8221; button_bg_color__hover_enabled=&#8221;off&#8221; button_bg_color__hover=&#8221;null&#8221; button_one_bg_color__hover_enabled=&#8221;off&#8221; button_one_bg_color__hover=&#8221;null&#8221; button_two_bg_color__hover_enabled=&#8221;off&#8221; button_two_bg_color__hover=&#8221;null&#8221;][\/et_pb_cta][et_pb_cta button_url=&#8221;https:\/\/www.ilmeloresidence.it\/en\/bike-hub\/bicycles\/&#8221; button_text=&#8221;Bicycles&#8221; module_class=&#8221;escubordi4&#8243; _builder_version=&#8221;4.16&#8243; background_image=&#8221;https:\/\/www.ilmeloresidence.it\/wp-content\/uploads\/2019\/02\/IMG_2124-ridotta.jpg&#8221; module_alignment=&#8221;center&#8221; global_colors_info=&#8221;{}&#8221; button_text_size__hover_enabled=&#8221;off&#8221; button_text_size__hover=&#8221;null&#8221; button_one_text_size__hover_enabled=&#8221;off&#8221; button_one_text_size__hover=&#8221;null&#8221; button_two_text_size__hover_enabled=&#8221;off&#8221; button_two_text_size__hover=&#8221;null&#8221; button_text_color__hover_enabled=&#8221;off&#8221; button_text_color__hover=&#8221;null&#8221; button_one_text_color__hover_enabled=&#8221;off&#8221; button_one_text_color__hover=&#8221;null&#8221; button_two_text_color__hover_enabled=&#8221;off&#8221; button_two_text_color__hover=&#8221;null&#8221; button_border_width__hover_enabled=&#8221;off&#8221; button_border_width__hover=&#8221;null&#8221; button_one_border_width__hover_enabled=&#8221;off&#8221; button_one_border_width__hover=&#8221;null&#8221; button_two_border_width__hover_enabled=&#8221;off&#8221; button_two_border_width__hover=&#8221;null&#8221; button_border_color__hover_enabled=&#8221;off&#8221; button_border_color__hover=&#8221;null&#8221; button_one_border_color__hover_enabled=&#8221;off&#8221; button_one_border_color__hover=&#8221;null&#8221; button_two_border_color__hover_enabled=&#8221;off&#8221; button_two_border_color__hover=&#8221;null&#8221; button_border_radius__hover_enabled=&#8221;off&#8221; button_border_radius__hover=&#8221;null&#8221; button_one_border_radius__hover_enabled=&#8221;off&#8221; button_one_border_radius__hover=&#8221;null&#8221; button_two_border_radius__hover_enabled=&#8221;off&#8221; button_two_border_radius__hover=&#8221;null&#8221; button_letter_spacing__hover_enabled=&#8221;off&#8221; button_letter_spacing__hover=&#8221;null&#8221; button_one_letter_spacing__hover_enabled=&#8221;off&#8221; button_one_letter_spacing__hover=&#8221;null&#8221; button_two_letter_spacing__hover_enabled=&#8221;off&#8221; button_two_letter_spacing__hover=&#8221;null&#8221; button_bg_color__hover_enabled=&#8221;off&#8221; button_bg_color__hover=&#8221;null&#8221; button_one_bg_color__hover_enabled=&#8221;off&#8221; button_one_bg_color__hover=&#8221;null&#8221; button_two_bg_color__hover_enabled=&#8221;off&#8221; button_two_bg_color__hover=&#8221;null&#8221;][\/et_pb_cta][\/et_pb_column][\/et_pb_row][\/et_pb_section]<\/p>\n","protected":false},"excerpt":{"rendered":"<p>ESCURS\u00ec Our desire to offer our guests a wide range of activities and excursions has led us to collaborate with Escurs\u00ec. Escurs\u00ec is an online platform that allows users to access a vast catalogue of excursions and experiences of various kinds, offered by different Operators throughout Sardinia. Guests\u2014either on their own or with our assistance [&hellip;]<\/p>\n","protected":false},"author":1,"featured_media":0,"parent":5167,"menu_order":1,"comment_status":"closed","ping_status":"closed","template":"","meta":{"_et_pb_use_builder":"on","_et_pb_old_content":"","_et_gb_content_width":"","footnotes":""},"class_list":["post-4968","page","type-page","status-publish","hentry"],"yoast_head":"<!-- This site is optimized with the Yoast SEO plugin v26.8 - https:\/\/yoast.com\/product\/yoast-seo-wordpress\/ -->\n<title>Trekking - Il Melo Residence a Porto Torres<\/title>\n<meta name=\"robots\" content=\"index, follow, max-snippet:-1, max-image-preview:large, max-video-preview:-1\" \/>\n<link rel=\"canonical\" href=\"https:\/\/www.ilmeloresidence.it\/it\/escursioni\/trekking\/\" \/>\n<meta property=\"og:locale\" content=\"en_US\" \/>\n<meta property=\"og:type\" content=\"article\" \/>\n<meta property=\"og:title\" content=\"Trekking - Il Melo Residence a Porto Torres\" \/>\n<meta property=\"og:description\" content=\"ESCURS\u00ec Our desire to offer our guests a wide range of activities and excursions has led us to collaborate with Escurs\u00ec. Escurs\u00ec is an online platform that allows users to access a vast catalogue of excursions and experiences of various kinds, offered by different Operators throughout Sardinia. Guests\u2014either on their own or with our assistance [&hellip;]\" \/>\n<meta property=\"og:url\" content=\"https:\/\/www.ilmeloresidence.it\/it\/escursioni\/trekking\/\" \/>\n<meta property=\"og:site_name\" content=\"Il Melo Residence a Porto Torres\" \/>\n<meta property=\"article:modified_time\" content=\"2025-12-09T16:49:22+00:00\" \/>\n<meta name=\"twitter:card\" content=\"summary_large_image\" \/>\n<meta name=\"twitter:label1\" content=\"Est. reading time\" \/>\n\t<meta name=\"twitter:data1\" content=\"10 minutes\" \/>\n<script type=\"application\/ld+json\" class=\"yoast-schema-graph\">{\"@context\":\"https:\/\/schema.org\",\"@graph\":[{\"@type\":\"WebPage\",\"@id\":\"https:\/\/www.ilmeloresidence.it\/it\/escursioni\/trekking\/\",\"url\":\"https:\/\/www.ilmeloresidence.it\/it\/escursioni\/trekking\/\",\"name\":\"Trekking - Il Melo Residence a Porto Torres\",\"isPartOf\":{\"@id\":\"https:\/\/www.ilmeloresidence.it\/it\/#website\"},\"datePublished\":\"2023-05-23T13:51:36+00:00\",\"dateModified\":\"2025-12-09T16:49:22+00:00\",\"breadcrumb\":{\"@id\":\"https:\/\/www.ilmeloresidence.it\/it\/escursioni\/trekking\/#breadcrumb\"},\"inLanguage\":\"en-US\",\"potentialAction\":[{\"@type\":\"ReadAction\",\"target\":[\"https:\/\/www.ilmeloresidence.it\/it\/escursioni\/trekking\/\"]}]},{\"@type\":\"BreadcrumbList\",\"@id\":\"https:\/\/www.ilmeloresidence.it\/it\/escursioni\/trekking\/#breadcrumb\",\"itemListElement\":[{\"@type\":\"ListItem\",\"position\":1,\"name\":\"Home\",\"item\":\"https:\/\/www.ilmeloresidence.it\/en\/homepage\/\"},{\"@type\":\"ListItem\",\"position\":2,\"name\":\"Excursions\",\"item\":\"https:\/\/www.ilmeloresidence.it\/it\/escursioni\/\"},{\"@type\":\"ListItem\",\"position\":3,\"name\":\"Trekking\"}]},{\"@type\":\"WebSite\",\"@id\":\"https:\/\/www.ilmeloresidence.it\/it\/#website\",\"url\":\"https:\/\/www.ilmeloresidence.it\/it\/\",\"name\":\"Il Melo Residence a Porto Torres\",\"description\":\"L&#039;accoglienza del Nord Sardegna\",\"potentialAction\":[{\"@type\":\"SearchAction\",\"target\":{\"@type\":\"EntryPoint\",\"urlTemplate\":\"https:\/\/www.ilmeloresidence.it\/it\/?s={search_term_string}\"},\"query-input\":{\"@type\":\"PropertyValueSpecification\",\"valueRequired\":true,\"valueName\":\"search_term_string\"}}],\"inLanguage\":\"en-US\"}]}<\/script>\n<!-- \/ Yoast SEO plugin. -->","yoast_head_json":{"title":"Trekking - Il Melo Residence a Porto Torres","robots":{"index":"index","follow":"follow","max-snippet":"max-snippet:-1","max-image-preview":"max-image-preview:large","max-video-preview":"max-video-preview:-1"},"canonical":"https:\/\/www.ilmeloresidence.it\/it\/escursioni\/trekking\/","og_locale":"en_US","og_type":"article","og_title":"Trekking - Il Melo Residence a Porto Torres","og_description":"ESCURS\u00ec Our desire to offer our guests a wide range of activities and excursions has led us to collaborate with Escurs\u00ec. Escurs\u00ec is an online platform that allows users to access a vast catalogue of excursions and experiences of various kinds, offered by different Operators throughout Sardinia. Guests\u2014either on their own or with our assistance [&hellip;]","og_url":"https:\/\/www.ilmeloresidence.it\/it\/escursioni\/trekking\/","og_site_name":"Il Melo Residence a Porto Torres","article_modified_time":"2025-12-09T16:49:22+00:00","twitter_card":"summary_large_image","twitter_misc":{"Est. reading time":"10 minutes"},"schema":{"@context":"https:\/\/schema.org","@graph":[{"@type":"WebPage","@id":"https:\/\/www.ilmeloresidence.it\/it\/escursioni\/trekking\/","url":"https:\/\/www.ilmeloresidence.it\/it\/escursioni\/trekking\/","name":"Trekking - Il Melo Residence a Porto Torres","isPartOf":{"@id":"https:\/\/www.ilmeloresidence.it\/it\/#website"},"datePublished":"2023-05-23T13:51:36+00:00","dateModified":"2025-12-09T16:49:22+00:00","breadcrumb":{"@id":"https:\/\/www.ilmeloresidence.it\/it\/escursioni\/trekking\/#breadcrumb"},"inLanguage":"en-US","potentialAction":[{"@type":"ReadAction","target":["https:\/\/www.ilmeloresidence.it\/it\/escursioni\/trekking\/"]}]},{"@type":"BreadcrumbList","@id":"https:\/\/www.ilmeloresidence.it\/it\/escursioni\/trekking\/#breadcrumb","itemListElement":[{"@type":"ListItem","position":1,"name":"Home","item":"https:\/\/www.ilmeloresidence.it\/en\/homepage\/"},{"@type":"ListItem","position":2,"name":"Excursions","item":"https:\/\/www.ilmeloresidence.it\/it\/escursioni\/"},{"@type":"ListItem","position":3,"name":"Trekking"}]},{"@type":"WebSite","@id":"https:\/\/www.ilmeloresidence.it\/it\/#website","url":"https:\/\/www.ilmeloresidence.it\/it\/","name":"Il Melo Residence a Porto Torres","description":"L&#039;accoglienza del Nord Sardegna","potentialAction":[{"@type":"SearchAction","target":{"@type":"EntryPoint","urlTemplate":"https:\/\/www.ilmeloresidence.it\/it\/?s={search_term_string}"},"query-input":{"@type":"PropertyValueSpecification","valueRequired":true,"valueName":"search_term_string"}}],"inLanguage":"en-US"}]}},"_links":{"self":[{"href":"https:\/\/www.ilmeloresidence.it\/en\/wp-json\/wp\/v2\/pages\/4968","targetHints":{"allow":["GET"]}}],"collection":[{"href":"https:\/\/www.ilmeloresidence.it\/en\/wp-json\/wp\/v2\/pages"}],"about":[{"href":"https:\/\/www.ilmeloresidence.it\/en\/wp-json\/wp\/v2\/types\/page"}],"author":[{"embeddable":true,"href":"https:\/\/www.ilmeloresidence.it\/en\/wp-json\/wp\/v2\/users\/1"}],"replies":[{"embeddable":true,"href":"https:\/\/www.ilmeloresidence.it\/en\/wp-json\/wp\/v2\/comments?post=4968"}],"version-history":[{"count":12,"href":"https:\/\/www.ilmeloresidence.it\/en\/wp-json\/wp\/v2\/pages\/4968\/revisions"}],"predecessor-version":[{"id":7033,"href":"https:\/\/www.ilmeloresidence.it\/en\/wp-json\/wp\/v2\/pages\/4968\/revisions\/7033"}],"up":[{"embeddable":true,"href":"https:\/\/www.ilmeloresidence.it\/en\/wp-json\/wp\/v2\/pages\/5167"}],"wp:attachment":[{"href":"https:\/\/www.ilmeloresidence.it\/en\/wp-json\/wp\/v2\/media?parent=4968"}],"curies":[{"name":"wp","href":"https:\/\/api.w.org\/{rel}","templated":true}]}}