{"id":5691,"date":"2025-09-30T11:57:03","date_gmt":"2025-09-30T10:57:03","guid":{"rendered":"https:\/\/www.ilmeloresidence.it\/le-territoire\/porto-torres\/"},"modified":"2025-12-04T17:07:30","modified_gmt":"2025-12-04T16:07:30","slug":"porto-torres","status":"publish","type":"page","link":"https:\/\/www.ilmeloresidence.it\/fr\/le-territoire\/porto-torres\/","title":{"rendered":"Porto Torres"},"content":{"rendered":"<p>[et_pb_section fb_built=\u00a0\u00bb1&Prime; fullwidth=\u00a0\u00bbon\u00a0\u00bb _builder_version=\u00a0\u00bb4.16&Prime; global_colors_info=\u00a0\u00bb{}\u00a0\u00bb][et_pb_fullwidth_slider _builder_version=\u00a0\u00bb4.16&Prime; background_image=\u00a0\u00bbhttps:\/\/www.ilmeloresidence.it\/wp-content\/uploads\/2019\/04\/DSC_8296-come-oggetto-avanzato-1.crop_.jpg\u00a0\u00bb box_shadow_style=\u00a0\u00bbpreset6&Prime; box_shadow_blur=\u00a0\u00bb10px\u00a0\u00bb box_shadow_color=\u00a0\u00bbrgba(0,0,0,0.1)\u00a0\u00bb global_colors_info=\u00a0\u00bb{}\u00a0\u00bb button_text_size__hover_enabled=\u00a0\u00bboff\u00a0\u00bb button_one_text_size__hover_enabled=\u00a0\u00bboff\u00a0\u00bb button_two_text_size__hover_enabled=\u00a0\u00bboff\u00a0\u00bb button_text_color__hover_enabled=\u00a0\u00bboff\u00a0\u00bb button_one_text_color__hover_enabled=\u00a0\u00bboff\u00a0\u00bb button_two_text_color__hover_enabled=\u00a0\u00bboff\u00a0\u00bb button_border_width__hover_enabled=\u00a0\u00bboff\u00a0\u00bb button_one_border_width__hover_enabled=\u00a0\u00bboff\u00a0\u00bb button_two_border_width__hover_enabled=\u00a0\u00bboff\u00a0\u00bb button_border_color__hover_enabled=\u00a0\u00bboff\u00a0\u00bb button_one_border_color__hover_enabled=\u00a0\u00bboff\u00a0\u00bb button_two_border_color__hover_enabled=\u00a0\u00bboff\u00a0\u00bb button_border_radius__hover_enabled=\u00a0\u00bboff\u00a0\u00bb button_one_border_radius__hover_enabled=\u00a0\u00bboff\u00a0\u00bb button_two_border_radius__hover_enabled=\u00a0\u00bboff\u00a0\u00bb button_letter_spacing__hover_enabled=\u00a0\u00bboff\u00a0\u00bb button_one_letter_spacing__hover_enabled=\u00a0\u00bboff\u00a0\u00bb button_two_letter_spacing__hover_enabled=\u00a0\u00bboff\u00a0\u00bb button_bg_color__hover_enabled=\u00a0\u00bboff\u00a0\u00bb button_one_bg_color__hover_enabled=\u00a0\u00bboff\u00a0\u00bb button_two_bg_color__hover_enabled=\u00a0\u00bboff\u00a0\u00bb][et_pb_slide _builder_version=\u00a0\u00bb4.16&Prime; background_color=\u00a0\u00bb#ffffff\u00a0\u00bb global_colors_info=\u00a0\u00bb{}\u00a0\u00bb button_text_size__hover_enabled=\u00a0\u00bboff\u00a0\u00bb button_one_text_size__hover_enabled=\u00a0\u00bboff\u00a0\u00bb button_two_text_size__hover_enabled=\u00a0\u00bboff\u00a0\u00bb button_text_color__hover_enabled=\u00a0\u00bboff\u00a0\u00bb button_one_text_color__hover_enabled=\u00a0\u00bboff\u00a0\u00bb button_two_text_color__hover_enabled=\u00a0\u00bboff\u00a0\u00bb button_border_width__hover_enabled=\u00a0\u00bboff\u00a0\u00bb button_one_border_width__hover_enabled=\u00a0\u00bboff\u00a0\u00bb button_two_border_width__hover_enabled=\u00a0\u00bboff\u00a0\u00bb button_border_color__hover_enabled=\u00a0\u00bboff\u00a0\u00bb button_one_border_color__hover_enabled=\u00a0\u00bboff\u00a0\u00bb button_two_border_color__hover_enabled=\u00a0\u00bboff\u00a0\u00bb button_border_radius__hover_enabled=\u00a0\u00bboff\u00a0\u00bb button_one_border_radius__hover_enabled=\u00a0\u00bboff\u00a0\u00bb button_two_border_radius__hover_enabled=\u00a0\u00bboff\u00a0\u00bb button_letter_spacing__hover_enabled=\u00a0\u00bboff\u00a0\u00bb button_one_letter_spacing__hover_enabled=\u00a0\u00bboff\u00a0\u00bb button_two_letter_spacing__hover_enabled=\u00a0\u00bboff\u00a0\u00bb button_bg_color__hover_enabled=\u00a0\u00bboff\u00a0\u00bb button_one_bg_color__hover_enabled=\u00a0\u00bboff\u00a0\u00bb button_two_bg_color__hover_enabled=\u00a0\u00bboff\u00a0\u00bb sticky_transition=\u00a0\u00bbon\u00a0\u00bb][\/et_pb_slide][\/et_pb_fullwidth_slider][\/et_pb_section][et_pb_section fb_built=\u00a0\u00bb1&Prime; module_id=\u00a0\u00bbhpsection\u00a0\u00bb _builder_version=\u00a0\u00bb4.16&Prime; parallax=\u00a0\u00bbon\u00a0\u00bb parallax_method=\u00a0\u00bboff\u00a0\u00bb custom_padding=\u00a0\u00bb0px|0px|0px|0px\u00a0\u00bb locked=\u00a0\u00bboff\u00a0\u00bb global_colors_info=\u00a0\u00bb{}\u00a0\u00bb][et_pb_row module_class=\u00a0\u00bb et_pb_row_fullwidth\u00a0\u00bb _builder_version=\u00a0\u00bb4.16&Prime; background_size=\u00a0\u00bbcontain\u00a0\u00bb background_position=\u00a0\u00bbtop_right\u00a0\u00bb width=\u00a0\u00bb100%\u00a0\u00bb width_tablet=\u00a0\u00bb100%\u00a0\u00bb width_phone=\u00a0\u00bb\u00a0\u00bb width_last_edited=\u00a0\u00bbon|desktop\u00a0\u00bb max_width=\u00a0\u00bb100%\u00a0\u00bb max_width_tablet=\u00a0\u00bb100%\u00a0\u00bb max_width_phone=\u00a0\u00bb\u00a0\u00bb max_width_last_edited=\u00a0\u00bbon|desktop\u00a0\u00bb custom_padding=\u00a0\u00bb30px|0px|0px|0px\u00a0\u00bb make_fullwidth=\u00a0\u00bbon\u00a0\u00bb global_colors_info=\u00a0\u00bb{}\u00a0\u00bb][et_pb_column type=\u00a0\u00bb4_4&Prime; _builder_version=\u00a0\u00bb4.16&Prime; custom_padding=\u00a0\u00bb|||\u00a0\u00bb global_colors_info=\u00a0\u00bb{}\u00a0\u00bb custom_padding__hover=\u00a0\u00bb|||\u00a0\u00bb][et_pb_text module_id=\u00a0\u00bbh1page\u00a0\u00bb _builder_version=\u00a0\u00bb4.16&Prime; global_colors_info=\u00a0\u00bb{}\u00a0\u00bb]<\/p>\n<h1 style=\"text-align: center;\">Choses \u00e0 voir \u00e0 Porto Torres<\/h1>\n<p>[\/et_pb_text][et_pb_text module_class=\u00a0\u00bbverdeMela\u00a0\u00bb _builder_version=\u00a0\u00bb4.16&Prime; global_colors_info=\u00a0\u00bb{}\u00a0\u00bb]<\/p>\n<h2 style=\"text-align: center;\">Visitez Porto Torres, le centre historique et la Basilique de San Gavino<\/h2>\n<p>[\/et_pb_text][\/et_pb_column][\/et_pb_row][et_pb_row column_structure=\u00a0\u00bb1_4,3_4&Prime; _builder_version=\u00a0\u00bb4.16&Prime; background_size=\u00a0\u00bbcontain\u00a0\u00bb background_position=\u00a0\u00bbtop_right\u00a0\u00bb custom_padding=\u00a0\u00bb0px|0px|0px|0px\u00a0\u00bb global_colors_info=\u00a0\u00bb{}\u00a0\u00bb][et_pb_column type=\u00a0\u00bb1_4&Prime; _builder_version=\u00a0\u00bb4.16&Prime; custom_padding=\u00a0\u00bb|||\u00a0\u00bb global_colors_info=\u00a0\u00bb{}\u00a0\u00bb custom_padding__hover=\u00a0\u00bb|||\u00a0\u00bb][et_pb_gallery gallery_ids=\u00a0\u00bb6028&Prime; fullwidth=\u00a0\u00bbon\u00a0\u00bb module_class=\u00a0\u00bbsinistra\u00a0\u00bb _builder_version=\u00a0\u00bb4.16&Prime; global_colors_info=\u00a0\u00bb{}\u00a0\u00bb]\u00a0<br \/>\n[\/et_pb_gallery][\/et_pb_column][et_pb_column type=\u00a0\u00bb3_4&Prime; _builder_version=\u00a0\u00bb4.16&Prime; custom_padding=\u00a0\u00bb|||\u00a0\u00bb global_colors_info=\u00a0\u00bb{}\u00a0\u00bb custom_padding__hover=\u00a0\u00bb|||\u00a0\u00bb][et_pb_text module_id=\u00a0\u00bbhpsectiontext\u00a0\u00bb _builder_version=\u00a0\u00bb4.16&Prime; global_colors_info=\u00a0\u00bb{}\u00a0\u00bb]<\/p>\n<h3 style=\"text-align: center;\"><\/h3>\n<p>Porto Torres, troisi\u00e8me port de l&rsquo;\u00eele et si\u00e8ge d&rsquo;un centre industriel, est une ville tranquille au c\u0153ur du Golfe de l&rsquo;Asinara o\u00f9 l&rsquo;on trouve des magasins, des caf\u00e9s, d&rsquo;excellents restaurants de viande et de poisson et tous les services utiles au voyageur.<br \/>\nDepuis le centre-ville, vous pourrez facilement vous d\u00e9placer \u00e0 pied ou en voiture, tandis que, depuis le port, vous intercepterez la piste cyclable qui longe le front de mer de la ville sur environ cinq kilom\u00e8tres et traverse un espace vert surplombant les falaises.<\/p>\n<p>[\/et_pb_text][\/et_pb_column][\/et_pb_row][et_pb_row column_structure=\u00a0\u00bb3_4,1_4&Prime; _builder_version=\u00a0\u00bb4.16&Prime; background_size=\u00a0\u00bbcontain\u00a0\u00bb background_position=\u00a0\u00bbtop_right\u00a0\u00bb custom_padding=\u00a0\u00bb0px|0px|0px|0px\u00a0\u00bb global_colors_info=\u00a0\u00bb{}\u00a0\u00bb][et_pb_column type=\u00a0\u00bb3_4&Prime; _builder_version=\u00a0\u00bb4.16&Prime; custom_padding=\u00a0\u00bb|||\u00a0\u00bb global_colors_info=\u00a0\u00bb{}\u00a0\u00bb custom_padding__hover=\u00a0\u00bb|||\u00a0\u00bb][et_pb_text module_id=\u00a0\u00bbhpsectiontext\u00a0\u00bb _builder_version=\u00a0\u00bb4.16&Prime; global_colors_info=\u00a0\u00bb{}\u00a0\u00bb]<\/p>\n<p>Le Parc National de l&rsquo;Asinara appartient \u00e0 la commune de Porto Torres ainsi qu&rsquo;une vaste zone arch\u00e9ologique dont certains tr\u00e9sors sont ouverts au public. Les thermes romains de Roi Barbaro par exemple, ou <a href=\"http:\/\/monumentiaperti.com\/it\/monumenti\/area-archeologica-palazzo-di-re-barbaro-e-domus-di-orfeo\/\">l&rsquo;incroyable mosa\u00efque d&rsquo;Orph\u00e9e<\/a> se d\u00e9voilent lors d&rsquo;une visite \u00e0 l&rsquo;Antiquarium Turritano (le mus\u00e9e de la ville) d&rsquo;o\u00f9, en quelques minutes \u00e0 pied, vous pourrez rejoindre le Rio Mannu (la fleuve qui traverse aussi le territoir de Porto Torres).<\/p>\n<p>Pr\u00e8s de l&#8217;embouchure s&rsquo;\u00e9l\u00e8ve le Pont Romain, une gracieuse \u0153uvre d&rsquo;ing\u00e9nierie, avec ses sept arches qui, s&rsquo;adaptant \u00e0 la conformation du terrain, font varier la taille du rayon, en diminuant vers l&rsquo;est et sur lesquelles la circulation urbaine a continu\u00e9 \u00e0 passer jusqu&rsquo;en 1985.<\/p>\n<p>[\/et_pb_text][\/et_pb_column][et_pb_column type=\u00a0\u00bb1_4&Prime; _builder_version=\u00a0\u00bb4.16&Prime; custom_padding=\u00a0\u00bb|||\u00a0\u00bb global_colors_info=\u00a0\u00bb{}\u00a0\u00bb custom_padding__hover=\u00a0\u00bb|||\u00a0\u00bb][et_pb_gallery gallery_ids=\u00a0\u00bb6038,6459,6458,2452&Prime; gallery_captions=\u00a0\u00bbPorto Torres &#8211; Palazzo Re Barbaro &#8211; Mosaico di Orfeo che suona la lira,Porto Torres &#8211; Terme romane del palazzo di re Barbaro\u00a0\u00bb fullwidth=\u00a0\u00bbon\u00a0\u00bb module_class=\u00a0\u00bbdestra\u00a0\u00bb _builder_version=\u00a0\u00bb4.16&Prime; global_colors_info=\u00a0\u00bb{}\u00a0\u00bb]\u00a0<br \/>\n[\/et_pb_gallery][\/et_pb_column][\/et_pb_row][et_pb_row _builder_version=\u00a0\u00bb4.16&Prime; global_colors_info=\u00a0\u00bb{}\u00a0\u00bb][et_pb_column type=\u00a0\u00bb4_4&Prime; _builder_version=\u00a0\u00bb4.16&Prime; custom_padding=\u00a0\u00bb|||\u00a0\u00bb global_colors_info=\u00a0\u00bb{}\u00a0\u00bb custom_padding__hover=\u00a0\u00bb|||\u00a0\u00bb][et_pb_image src=\u00a0\u00bbhttps:\/\/www.ilmeloresidence.it\/wp-content\/uploads\/2019\/04\/torre-aragonese-X-MELO-crop.jpg\u00a0\u00bb align=\u00a0\u00bbcenter\u00a0\u00bb force_fullwidth=\u00a0\u00bbon\u00a0\u00bb align_tablet=\u00a0\u00bbcenter\u00a0\u00bb align_phone=\u00a0\u00bb\u00a0\u00bb align_last_edited=\u00a0\u00bbon|desktop\u00a0\u00bb _builder_version=\u00a0\u00bb4.16&Prime; global_colors_info=\u00a0\u00bb{}\u00a0\u00bb][\/et_pb_image][\/et_pb_column][\/et_pb_row][et_pb_row column_structure=\u00a0\u00bb1_4,3_4&Prime; _builder_version=\u00a0\u00bb4.16&Prime; background_size=\u00a0\u00bbcontain\u00a0\u00bb background_position=\u00a0\u00bbtop_right\u00a0\u00bb custom_padding=\u00a0\u00bb0px|0px|0px|0px\u00a0\u00bb global_colors_info=\u00a0\u00bb{}\u00a0\u00bb][et_pb_column type=\u00a0\u00bb1_4&Prime; _builder_version=\u00a0\u00bb4.16&Prime; custom_padding=\u00a0\u00bb|||\u00a0\u00bb global_colors_info=\u00a0\u00bb{}\u00a0\u00bb custom_padding__hover=\u00a0\u00bb|||\u00a0\u00bb][et_pb_gallery gallery_ids=\u00a0\u00bb6457&Prime; gallery_captions=\u00a0\u00bbPorto Torres &#8211; Basilica di San Gavino\u00a0\u00bb fullwidth=\u00a0\u00bbon\u00a0\u00bb module_class=\u00a0\u00bbsinistra\u00a0\u00bb _builder_version=\u00a0\u00bb4.16&Prime; global_colors_info=\u00a0\u00bb{}\u00a0\u00bb]\u00a0<br \/>\n[\/et_pb_gallery][\/et_pb_column][et_pb_column type=\u00a0\u00bb3_4&Prime; _builder_version=\u00a0\u00bb4.16&Prime; custom_padding=\u00a0\u00bb|||\u00a0\u00bb global_colors_info=\u00a0\u00bb{}\u00a0\u00bb custom_padding__hover=\u00a0\u00bb|||\u00a0\u00bb][et_pb_text module_id=\u00a0\u00bbhpsectiontext\u00a0\u00bb _builder_version=\u00a0\u00bb4.16&Prime; global_colors_info=\u00a0\u00bb{}\u00a0\u00bb]<\/p>\n<p>Un peu plus en amont se dresse la basilique romane de San Gavino, l&rsquo;un des plus beaux chefs-d&rsquo;\u0153uvre architecturaux de l&rsquo;\u00e9poque.<br \/> Tandis qu\u2019\u00e0 environ sept kilom\u00e8tres de la ville, le long de la route nationale n\u00b0 131, nous recommandons avec ferveur la visite du site arch\u00e9ologique de Monte D&rsquo;Accoddi: un lieu particulier, habit\u00e9 \u00e0 partir du quatri\u00e8me mill\u00e9naire avant JC, o\u00f9 y fut \u00e9rig\u00e9 un autel sacr\u00e9, un monument unique en Europe, semblable aux ziggourats m\u00e9sopotamiennes.<\/p>\n<p>[\/et_pb_text][\/et_pb_column][\/et_pb_row][et_pb_row module_class=\u00a0\u00bb et_pb_row_fullwidth\u00a0\u00bb _builder_version=\u00a0\u00bb4.16&Prime; width=\u00a0\u00bb100%\u00a0\u00bb width_tablet=\u00a0\u00bb100%\u00a0\u00bb width_phone=\u00a0\u00bb\u00a0\u00bb width_last_edited=\u00a0\u00bbon|desktop\u00a0\u00bb max_width=\u00a0\u00bb100%\u00a0\u00bb max_width_tablet=\u00a0\u00bb100%\u00a0\u00bb max_width_phone=\u00a0\u00bb\u00a0\u00bb max_width_last_edited=\u00a0\u00bbon|desktop\u00a0\u00bb custom_margin=\u00a0\u00bb||40px||false|false\u00a0\u00bb animation_style=\u00a0\u00bbslide\u00a0\u00bb make_fullwidth=\u00a0\u00bbon\u00a0\u00bb global_colors_info=\u00a0\u00bb{}\u00a0\u00bb][et_pb_column type=\u00a0\u00bb4_4&Prime; _builder_version=\u00a0\u00bb4.16&Prime; custom_padding=\u00a0\u00bb|||\u00a0\u00bb global_colors_info=\u00a0\u00bb{}\u00a0\u00bb custom_padding__hover=\u00a0\u00bb|||\u00a0\u00bb][et_pb_cta title=\u00a0\u00bb\u00c0 votre service pour vos vacances \u00e0 Porto Torres\u00a0\u00bb button_url=\u00a0\u00bb@ET-DC@eyJkeW5hbWljIjp0cnVlLCJjb250ZW50IjoicG9zdF9saW5rX3VybF9wYWdlIiwic2V0dGluZ3MiOnsicG9zdF9pZCI6IjUwOTMifX0=@\u00a0\u00bb button_text=\u00a0\u00bbR\u00e9servez vos vacances\u00a0\u00bb module_class=\u00a0\u00bbfondoChiaro\u00a0\u00bb _builder_version=\u00a0\u00bb4.17.1&Prime; use_background_color=\u00a0\u00bboff\u00a0\u00bb background_layout=\u00a0\u00bblight\u00a0\u00bb hover_enabled=\u00a0\u00bb0&Prime; global_colors_info=\u00a0\u00bb{}\u00a0\u00bb button_text_size__hover_enabled=\u00a0\u00bboff\u00a0\u00bb button_one_text_size__hover_enabled=\u00a0\u00bboff\u00a0\u00bb button_two_text_size__hover_enabled=\u00a0\u00bboff\u00a0\u00bb button_text_color__hover_enabled=\u00a0\u00bboff\u00a0\u00bb button_one_text_color__hover_enabled=\u00a0\u00bboff\u00a0\u00bb button_two_text_color__hover_enabled=\u00a0\u00bboff\u00a0\u00bb button_border_width__hover_enabled=\u00a0\u00bboff\u00a0\u00bb button_one_border_width__hover_enabled=\u00a0\u00bboff\u00a0\u00bb button_two_border_width__hover_enabled=\u00a0\u00bboff\u00a0\u00bb button_border_color__hover_enabled=\u00a0\u00bboff\u00a0\u00bb button_one_border_color__hover_enabled=\u00a0\u00bboff\u00a0\u00bb button_two_border_color__hover_enabled=\u00a0\u00bboff\u00a0\u00bb button_border_radius__hover_enabled=\u00a0\u00bboff\u00a0\u00bb button_one_border_radius__hover_enabled=\u00a0\u00bboff\u00a0\u00bb button_two_border_radius__hover_enabled=\u00a0\u00bboff\u00a0\u00bb button_letter_spacing__hover_enabled=\u00a0\u00bboff\u00a0\u00bb button_one_letter_spacing__hover_enabled=\u00a0\u00bboff\u00a0\u00bb button_two_letter_spacing__hover_enabled=\u00a0\u00bboff\u00a0\u00bb button_bg_color__hover_enabled=\u00a0\u00bboff\u00a0\u00bb button_one_bg_color__hover_enabled=\u00a0\u00bboff\u00a0\u00bb button_two_bg_color__hover_enabled=\u00a0\u00bboff\u00a0\u00bb _dynamic_attributes=\u00a0\u00bbbutton_url\u00a0\u00bb sticky_enabled=\u00a0\u00bb0&Prime;]<\/p>\n<p>Appelez-nous au\u00a0<strong>+39 079 513834<\/strong><strong>\u00a0<\/strong>ou au\u00a0<strong>+39 340 3109345<\/strong>\u00a0ou \u00e9crivez-nous \u00e0 <a href=\"mailto:info@ilmeloresidence.it\">info@ilmeloresidence.it<\/a><\/p>\n<p>[\/et_pb_cta][\/et_pb_column][\/et_pb_row][\/et_pb_section]<\/p>\n","protected":false},"excerpt":{"rendered":"<p>Choses \u00e0 voir \u00e0 Porto Torres Visitez Porto Torres, le centre historique et la Basilique de San Gavino \u00a0 Porto Torres, troisi\u00e8me port de l&rsquo;\u00eele et si\u00e8ge d&rsquo;un centre industriel, est une ville tranquille au c\u0153ur du Golfe de l&rsquo;Asinara o\u00f9 l&rsquo;on trouve des magasins, des caf\u00e9s, d&rsquo;excellents restaurants de viande et de poisson et [&hellip;]<\/p>\n","protected":false},"author":1,"featured_media":0,"parent":5684,"menu_order":0,"comment_status":"closed","ping_status":"closed","template":"","meta":{"_et_pb_use_builder":"on","_et_pb_old_content":"","_et_gb_content_width":"","footnotes":""},"class_list":["post-5691","page","type-page","status-publish","hentry"],"yoast_head":"<!-- This site is optimized with the Yoast SEO plugin v26.8 - https:\/\/yoast.com\/product\/yoast-seo-wordpress\/ -->\n<title>Porto Torres - Il Melo Residence a Porto Torres<\/title>\n<meta name=\"robots\" content=\"index, follow, max-snippet:-1, max-image-preview:large, max-video-preview:-1\" \/>\n<link rel=\"canonical\" href=\"https:\/\/www.ilmeloresidence.it\/it\/il-territorio\/porto-torres\/\" \/>\n<meta property=\"og:locale\" content=\"fr_FR\" \/>\n<meta property=\"og:type\" content=\"article\" \/>\n<meta property=\"og:title\" content=\"Porto Torres - Il Melo Residence a Porto Torres\" \/>\n<meta property=\"og:description\" content=\"Choses \u00e0 voir \u00e0 Porto Torres Visitez Porto Torres, le centre historique et la Basilique de San Gavino \u00a0 Porto Torres, troisi\u00e8me port de l&#039;\u00eele et si\u00e8ge d&#039;un centre industriel, est une ville tranquille au c\u0153ur du Golfe de l&#039;Asinara o\u00f9 l&#039;on trouve des magasins, des caf\u00e9s, d&#039;excellents restaurants de viande et de poisson et [&hellip;]\" \/>\n<meta property=\"og:url\" content=\"https:\/\/www.ilmeloresidence.it\/it\/il-territorio\/porto-torres\/\" \/>\n<meta property=\"og:site_name\" content=\"Il Melo Residence a Porto Torres\" \/>\n<meta property=\"article:modified_time\" content=\"2025-12-04T16:07:30+00:00\" \/>\n<meta name=\"twitter:card\" content=\"summary_large_image\" \/>\n<meta name=\"twitter:label1\" content=\"Dur\u00e9e de lecture estim\u00e9e\" \/>\n\t<meta name=\"twitter:data1\" content=\"7 minutes\" \/>\n<script type=\"application\/ld+json\" class=\"yoast-schema-graph\">{\"@context\":\"https:\/\/schema.org\",\"@graph\":[{\"@type\":\"WebPage\",\"@id\":\"https:\/\/www.ilmeloresidence.it\/it\/il-territorio\/porto-torres\/\",\"url\":\"https:\/\/www.ilmeloresidence.it\/it\/il-territorio\/porto-torres\/\",\"name\":\"Porto Torres - Il Melo Residence a Porto Torres\",\"isPartOf\":{\"@id\":\"https:\/\/www.ilmeloresidence.it\/it\/#website\"},\"datePublished\":\"2025-09-30T10:57:03+00:00\",\"dateModified\":\"2025-12-04T16:07:30+00:00\",\"breadcrumb\":{\"@id\":\"https:\/\/www.ilmeloresidence.it\/it\/il-territorio\/porto-torres\/#breadcrumb\"},\"inLanguage\":\"fr-FR\",\"potentialAction\":[{\"@type\":\"ReadAction\",\"target\":[\"https:\/\/www.ilmeloresidence.it\/it\/il-territorio\/porto-torres\/\"]}]},{\"@type\":\"BreadcrumbList\",\"@id\":\"https:\/\/www.ilmeloresidence.it\/it\/il-territorio\/porto-torres\/#breadcrumb\",\"itemListElement\":[{\"@type\":\"ListItem\",\"position\":1,\"name\":\"Home\",\"item\":\"https:\/\/www.ilmeloresidence.it\/fr\/page-daccueil\/\"},{\"@type\":\"ListItem\",\"position\":2,\"name\":\"Le territoire\",\"item\":\"https:\/\/www.ilmeloresidence.it\/it\/il-territorio\/\"},{\"@type\":\"ListItem\",\"position\":3,\"name\":\"Porto Torres\"}]},{\"@type\":\"WebSite\",\"@id\":\"https:\/\/www.ilmeloresidence.it\/it\/#website\",\"url\":\"https:\/\/www.ilmeloresidence.it\/it\/\",\"name\":\"Il Melo Residence a Porto Torres\",\"description\":\"L&#039;accoglienza del Nord Sardegna\",\"potentialAction\":[{\"@type\":\"SearchAction\",\"target\":{\"@type\":\"EntryPoint\",\"urlTemplate\":\"https:\/\/www.ilmeloresidence.it\/it\/?s={search_term_string}\"},\"query-input\":{\"@type\":\"PropertyValueSpecification\",\"valueRequired\":true,\"valueName\":\"search_term_string\"}}],\"inLanguage\":\"fr-FR\"}]}<\/script>\n<!-- \/ Yoast SEO plugin. -->","yoast_head_json":{"title":"Porto Torres - Il Melo Residence a Porto Torres","robots":{"index":"index","follow":"follow","max-snippet":"max-snippet:-1","max-image-preview":"max-image-preview:large","max-video-preview":"max-video-preview:-1"},"canonical":"https:\/\/www.ilmeloresidence.it\/it\/il-territorio\/porto-torres\/","og_locale":"fr_FR","og_type":"article","og_title":"Porto Torres - Il Melo Residence a Porto Torres","og_description":"Choses \u00e0 voir \u00e0 Porto Torres Visitez Porto Torres, le centre historique et la Basilique de San Gavino \u00a0 Porto Torres, troisi\u00e8me port de l'\u00eele et si\u00e8ge d'un centre industriel, est une ville tranquille au c\u0153ur du Golfe de l'Asinara o\u00f9 l'on trouve des magasins, des caf\u00e9s, d'excellents restaurants de viande et de poisson et [&hellip;]","og_url":"https:\/\/www.ilmeloresidence.it\/it\/il-territorio\/porto-torres\/","og_site_name":"Il Melo Residence a Porto Torres","article_modified_time":"2025-12-04T16:07:30+00:00","twitter_card":"summary_large_image","twitter_misc":{"Dur\u00e9e de lecture estim\u00e9e":"7 minutes"},"schema":{"@context":"https:\/\/schema.org","@graph":[{"@type":"WebPage","@id":"https:\/\/www.ilmeloresidence.it\/it\/il-territorio\/porto-torres\/","url":"https:\/\/www.ilmeloresidence.it\/it\/il-territorio\/porto-torres\/","name":"Porto Torres - Il Melo Residence a Porto Torres","isPartOf":{"@id":"https:\/\/www.ilmeloresidence.it\/it\/#website"},"datePublished":"2025-09-30T10:57:03+00:00","dateModified":"2025-12-04T16:07:30+00:00","breadcrumb":{"@id":"https:\/\/www.ilmeloresidence.it\/it\/il-territorio\/porto-torres\/#breadcrumb"},"inLanguage":"fr-FR","potentialAction":[{"@type":"ReadAction","target":["https:\/\/www.ilmeloresidence.it\/it\/il-territorio\/porto-torres\/"]}]},{"@type":"BreadcrumbList","@id":"https:\/\/www.ilmeloresidence.it\/it\/il-territorio\/porto-torres\/#breadcrumb","itemListElement":[{"@type":"ListItem","position":1,"name":"Home","item":"https:\/\/www.ilmeloresidence.it\/fr\/page-daccueil\/"},{"@type":"ListItem","position":2,"name":"Le territoire","item":"https:\/\/www.ilmeloresidence.it\/it\/il-territorio\/"},{"@type":"ListItem","position":3,"name":"Porto Torres"}]},{"@type":"WebSite","@id":"https:\/\/www.ilmeloresidence.it\/it\/#website","url":"https:\/\/www.ilmeloresidence.it\/it\/","name":"Il Melo Residence a Porto Torres","description":"L&#039;accoglienza del Nord Sardegna","potentialAction":[{"@type":"SearchAction","target":{"@type":"EntryPoint","urlTemplate":"https:\/\/www.ilmeloresidence.it\/it\/?s={search_term_string}"},"query-input":{"@type":"PropertyValueSpecification","valueRequired":true,"valueName":"search_term_string"}}],"inLanguage":"fr-FR"}]}},"_links":{"self":[{"href":"https:\/\/www.ilmeloresidence.it\/fr\/wp-json\/wp\/v2\/pages\/5691","targetHints":{"allow":["GET"]}}],"collection":[{"href":"https:\/\/www.ilmeloresidence.it\/fr\/wp-json\/wp\/v2\/pages"}],"about":[{"href":"https:\/\/www.ilmeloresidence.it\/fr\/wp-json\/wp\/v2\/types\/page"}],"author":[{"embeddable":true,"href":"https:\/\/www.ilmeloresidence.it\/fr\/wp-json\/wp\/v2\/users\/1"}],"replies":[{"embeddable":true,"href":"https:\/\/www.ilmeloresidence.it\/fr\/wp-json\/wp\/v2\/comments?post=5691"}],"version-history":[{"count":21,"href":"https:\/\/www.ilmeloresidence.it\/fr\/wp-json\/wp\/v2\/pages\/5691\/revisions"}],"predecessor-version":[{"id":6867,"href":"https:\/\/www.ilmeloresidence.it\/fr\/wp-json\/wp\/v2\/pages\/5691\/revisions\/6867"}],"up":[{"embeddable":true,"href":"https:\/\/www.ilmeloresidence.it\/fr\/wp-json\/wp\/v2\/pages\/5684"}],"wp:attachment":[{"href":"https:\/\/www.ilmeloresidence.it\/fr\/wp-json\/wp\/v2\/media?parent=5691"}],"curies":[{"name":"wp","href":"https:\/\/api.w.org\/{rel}","templated":true}]}}