{"id":5749,"date":"2025-09-30T13:54:21","date_gmt":"2025-09-30T12:54:21","guid":{"rendered":"https:\/\/www.ilmeloresidence.it\/il-melo\/histoire-del-cordobes-et-de-la-serra-li-pozzi\/"},"modified":"2025-12-04T17:02:19","modified_gmt":"2025-12-04T16:02:19","slug":"histoire-del-cordobes-et-de-la-serra-li-pozzi","status":"publish","type":"page","link":"https:\/\/www.ilmeloresidence.it\/fr\/il-melo\/histoire-del-cordobes-et-de-la-serra-li-pozzi\/","title":{"rendered":"histoire d&rsquo;El Cordobes et de la Serra Li Pozzi"},"content":{"rendered":"<p>[et_pb_section fb_built=\u00a0\u00bb1&Prime; admin_label=\u00a0\u00bbsection\u00a0\u00bb _builder_version=\u00a0\u00bb4.16&Prime; global_colors_info=\u00a0\u00bb{}\u00a0\u00bb][et_pb_row admin_label=\u00a0\u00bbrow\u00a0\u00bb _builder_version=\u00a0\u00bb4.16&Prime; background_size=\u00a0\u00bbinitial\u00a0\u00bb background_position=\u00a0\u00bbtop_left\u00a0\u00bb background_repeat=\u00a0\u00bbrepeat\u00a0\u00bb global_colors_info=\u00a0\u00bb{}\u00a0\u00bb][et_pb_column type=\u00a0\u00bb4_4&Prime; _builder_version=\u00a0\u00bb4.16&Prime; custom_padding=\u00a0\u00bb|||\u00a0\u00bb global_colors_info=\u00a0\u00bb{}\u00a0\u00bb custom_padding__hover=\u00a0\u00bb|||\u00a0\u00bb][et_pb_text admin_label=\u00a0\u00bbText\u00a0\u00bb _builder_version=\u00a0\u00bb4.16&Prime; background_size=\u00a0\u00bbinitial\u00a0\u00bb background_position=\u00a0\u00bbtop_left\u00a0\u00bb background_repeat=\u00a0\u00bbrepeat\u00a0\u00bb global_colors_info=\u00a0\u00bb{}\u00a0\u00bb]<\/p>\n<h2><span style=\"font-weight: 400;\">Ann\u00e9es 1960\/1970\u00a0: la naissance de Serra li Pozzi en m\u00e9moire de Giovanni Congiatu&#8230;<\/span><\/h2>\n<p><span style=\"font-weight: 400;\">\u00a0\u00a0\u00a0\u00a0\u00a0\u00a0\u00a0\u00a0\u00a0\u00a0\u00a0\u00a0\u00a0\u00a0\u00a0\u00a0\u00a0\u00a0\u00a0\u00a0\u00a0\u00a0\u00a0\u00a0\u00a0\u00a0\u00a0\u00a0\u00a0\u00a0\u00a0\u00a0\u00a0\u00a0\u00a0\u00a0\u00a0\u00a0\u00a0\u00a0\u00a0\u00a0\u00a0\u00a0\u00a0\u00a0\u00a0\u00a0\u00a0\u00a0\u00a0\u00a0\u00a0\u00a0\u00a0\u00a0\u00a0\u00a0\u00a0\u00a0\u00a0\u00a0\u00a0\u00a0\u00a0\u00a0\u00a0\u00a0\u00a0\u00a0\u00a0\u00a0\u00a0\u00a0\u00a0\u00a0\u00a0\u00a0\u00a0\u00a0\u00a0\u00a0\u00a0\u00a0\u00a0\u00a0\u00a0\u00a0\u00a0\u00a0\u00a0\u00a0\u00a0<\/span><span style=\"font-weight: 400;\">par Emanuele Fancellu<\/span><\/p>\n<p><span style=\"font-weight: 400;\">Entrepreneurs, danses et toreros c\u00e9l\u00e8bres. Derri\u00e8re El Cordobes, l&rsquo;une des discoth\u00e8ques les plus c\u00e9l\u00e8bres de Porto Torres, se cache tout cela et bien plus encore. Cette salle de danse est n\u00e9e \u00e0 l&rsquo;aube du miracle \u00e9conomique de SIR. L&rsquo;usine p\u00e9trochimique naissante, attirant des milliers d&rsquo;ouvriers et de techniciens du continent et du reste de l&rsquo;\u00eele, a rapidement transform\u00e9 un village d&rsquo;\u00e9migrants en un eldorado o\u00f9 ils pouvaient s&rsquo;installer pour travailler et fonder une famille. Et o\u00f9 ils recherchaient in\u00e9vitablement des moments de d\u00e9tente et de divertissement. \u00c0 l&rsquo;\u00e9poque, Porto Torres s&rsquo;arr\u00eatait \u00e0 l&rsquo;ancien cimeti\u00e8re\u00a0; la zone du futur quartier de Serra li Pozzi \u00e9tait \u00e9loign\u00e9e de la ville. Mais l&rsquo;histoire d&rsquo;El Cordobes est inextricablement li\u00e9e \u00e0 celle de Serra li Pozzi. Et c&rsquo;est pr\u00e9cis\u00e9ment de l\u00e0 que Giovanni Congiatu commence son r\u00e9cit, cr\u00e9ateur de ce voyage \u00e9pique entrepris avec ses fr\u00e8res Salvatore et Battista Scarpa. <\/span><\/p>\n<p><span style=\"font-weight: 400;\">\u00ab<\/span><i><span style=\"font-weight: 400;\">La zone o\u00f9 se trouve actuellement le quartier de Serra li Pozzi appartenait \u00e0 deux familles\u00a0\u00bb, commence Giovanni. Piga, la m\u00e8re de Salvatore Bazzoni, poss\u00e9dait la partie sup\u00e9rieure o\u00f9 se trouve aujourd&rsquo;hui la r\u00e9sidence Il Melo, jusqu&rsquo;\u00e0 Carlo Felice sur deux plans cadastraux distincts, ainsi que la partie o\u00f9 se trouve la maison de la comtesse, dont l&rsquo;entr\u00e9e donnait sur le Viottolo delle Vigne, \u00e0 tel point qu&rsquo;\u00e0 l&rsquo;endroit o\u00f9 se trouve le kiosque \u00e0 journaux du quartier se trouve une partie non construite \u00e0 l&rsquo;\u00e9poque, l&rsquo;entr\u00e9e de la propri\u00e9t\u00e9 Piga. Piga avait vendu une grande partie de ce terrain \u00e0 la comtesse Altobelli. Entre les deux se trouvait une parcelle appartenant aux Falchi, une famille compos\u00e9e de quatre s\u0153urs et d&rsquo;un fr\u00e8re, Vittorio, toujours alit\u00e9 et d\u00e9c\u00e9d\u00e9 plus tard. L&rsquo;une de ces quatre s\u0153urs \u00e9pousa un certain Gianuario Spanedda. Un partage de la propri\u00e9t\u00e9 avait d\u00e9j\u00e0 eu lieu, et la partie o\u00f9 se trouve aujourd&rsquo;hui le kiosque \u00e0 journaux appartenait \u00e0 Maria, la s\u0153ur qui avait \u00e9pous\u00e9 Spanedda. C&rsquo;\u00e9tait un d\u00e9sert \u00bb, poursuit Giovanni Congiatu, \u00ab il ne restait qu&rsquo;une petite maison de campagne o\u00f9 vivaient les Loi, qui en devinrent plus tard propri\u00e9taires. Le terrain, qu&rsquo;ils poss\u00e8dent encore aujourd&rsquo;hui. Spanedda avait quelques vaches et les emmenait pa\u00eetre. Un matin, un certain Antonico Masia, fr\u00e8re a\u00een\u00e9 du Masia de la station-service, arriva. C&rsquo;\u00e9tait un homme \u00e2g\u00e9, retrait\u00e9. Il vivait \u00e0 G\u00eanes et avait travaill\u00e9 dans la restauration sur des paquebots. Il avait un peu d&rsquo;argent, pas beaucoup, et comme en 1965 la seule route menant \u00e0 la zone industrielle naissante \u00e9tait l&rsquo;ancienne Carlo Felice, empruntant tous les camions qui traversaient alors le Corso Vittorio Emanuele, la Via Ponte Romano et le pont lui-m\u00eame, il avait d\u00e9cid\u00e9 de construire un motel, un h\u00f4tel-restaurant pour les chauffeurs routiers, le long de la route. Ils se promen\u00e8rent tous deux pr\u00e8s de l&#8217;emplacement actuel de l&rsquo;h\u00f4tel Libyssonis, et parlant en sarde, Antonico dit : \u00ab Je pense acheter un terrain\u2026 \u00bb \u00ab On te le donne ! \u00bb r\u00e9pondit Spanedda. Ils fix\u00e8rent imm\u00e9diatement un prix, conclurent un accord verbal et se rendirent ensemble chez le notaire Maniga. \u00ab Je lui ai vendu deux mille m\u00e8tres carr\u00e9s de terrain. \u00ab\u00a0Voulez-vous faire l&rsquo;acte\u00a0?\u00a0\u00bb\u2026 \u00ab\u00a0Il nous faut un g\u00e9om\u00e8tre pour le lotissement\u00a0\u00bb, r\u00e9pondit le notaire. Les deux s\u0153urs se tourn\u00e8rent donc vers Giovanni Congiatu. \u00ab\u00a0Ils sont venus me voir et j&rsquo;ai propos\u00e9 le lotissement correspondant \u00e0 la partie non pas o\u00f9 se trouve l&rsquo;entr\u00e9e Libyssonis, mais celle qui donne sur le kiosque \u00e0 journaux\u00a0\u00bb, explique Giovanni. \u00ab\u00a0Les deux parties ont ensuite \u00e9t\u00e9 r\u00e9unies, car l&rsquo;autre a \u00e9t\u00e9 vendue par l&rsquo;autre s\u0153ur.\u00a0\u00bb<\/p>\n<p>En fait, Serra li Pozzi est n\u00e9e de cet accord entre Gianuario Spanedda et Masia. \u00ab\u00a0Quand j&rsquo;ai commenc\u00e9 \u00e0 faire ces lotissements, les autres s\u0153urs Falchi ont aff\u00fbt\u00e9 leur intelligence. Elles n&rsquo;\u00e9taient certainement pas riches\u00a0; Ils avaient une laiterie Via Alfieri, en face du Piccolo Forno di Corda, et ce terrain, mais il ne rapportait rien. La plus jeune, Signora Antonina, qui g\u00e9rait tout, est venue me voir en me disant qu&rsquo;elle voulait vendre. Nous avions un carnet sur lequel nous avions \u00e9crit\u00a0: \u00ab\u00a0X a donn\u00e9 20\u00a0000 lires, Y 30\u00a0\u00bb\u2026 Je les ai convaincus de laisser dix m\u00e8tres pour construire les routes, sinon cela n&rsquo;aurait pas \u00e9t\u00e9 possible.[\/et_pb_text][\/et_pb_column][\/et_pb_row][\/et_pb_section][et_pb_section fb_built=\u00a0\u00bb1&Prime; _builder_version=\u00a0\u00bb4.16&Prime; _module_preset=\u00a0\u00bbdefault\u00a0\u00bb global_colors_info=\u00a0\u00bb{}\u00a0\u00bb][et_pb_row _builder_version=\u00a0\u00bb4.16&Prime; _module_preset=\u00a0\u00bbdefault\u00a0\u00bb global_colors_info=\u00a0\u00bb{}\u00a0\u00bb][et_pb_column type=\u00a0\u00bb4_4&Prime; _builder_version=\u00a0\u00bb4.16&Prime; _module_preset=\u00a0\u00bbdefault\u00a0\u00bb global_colors_info=\u00a0\u00bb{}\u00a0\u00bb][et_pb_gallery gallery_ids=\u00a0\u00bb5756,5753,5769,5762,5764,5755,5761,5768,5760,5750,5765,5763,5758,5757,5766,5767,5751,5752,5754,5759&Prime; orientation=\u00a0\u00bbportrait\u00a0\u00bb show_title_and_caption=\u00a0\u00bboff\u00a0\u00bb _builder_version=\u00a0\u00bb4.16&Prime; _module_preset=\u00a0\u00bbdefault\u00a0\u00bb global_colors_info=\u00a0\u00bb{}\u00a0\u00bb][\/et_pb_gallery][\/et_pb_column][\/et_pb_row][\/et_pb_section]<\/p>\n","protected":false},"excerpt":{"rendered":"<p>Ann\u00e9es 1960\/1970\u00a0: la naissance de Serra li Pozzi en m\u00e9moire de Giovanni Congiatu&#8230; \u00a0\u00a0\u00a0\u00a0\u00a0\u00a0\u00a0\u00a0\u00a0\u00a0\u00a0\u00a0\u00a0\u00a0\u00a0\u00a0\u00a0\u00a0\u00a0\u00a0\u00a0\u00a0\u00a0\u00a0\u00a0\u00a0\u00a0\u00a0\u00a0\u00a0\u00a0\u00a0\u00a0\u00a0\u00a0\u00a0\u00a0\u00a0\u00a0\u00a0\u00a0\u00a0\u00a0\u00a0\u00a0\u00a0\u00a0\u00a0\u00a0\u00a0\u00a0\u00a0\u00a0\u00a0\u00a0\u00a0\u00a0\u00a0\u00a0\u00a0\u00a0\u00a0\u00a0\u00a0\u00a0\u00a0\u00a0\u00a0\u00a0\u00a0\u00a0\u00a0\u00a0\u00a0\u00a0\u00a0\u00a0\u00a0\u00a0\u00a0\u00a0\u00a0\u00a0\u00a0\u00a0\u00a0\u00a0\u00a0\u00a0\u00a0\u00a0\u00a0\u00a0par Emanuele Fancellu Entrepreneurs, danses et toreros c\u00e9l\u00e8bres. Derri\u00e8re El Cordobes, l&rsquo;une des discoth\u00e8ques les plus c\u00e9l\u00e8bres de Porto Torres, se cache tout cela et bien plus encore. Cette salle de danse est n\u00e9e \u00e0 l&rsquo;aube du miracle \u00e9conomique de SIR. L&rsquo;usine [&hellip;]<\/p>\n","protected":false},"author":1,"featured_media":0,"parent":5631,"menu_order":0,"comment_status":"closed","ping_status":"closed","template":"","meta":{"_et_pb_use_builder":"on","_et_pb_old_content":"","_et_gb_content_width":"","footnotes":""},"class_list":["post-5749","page","type-page","status-publish","hentry"],"yoast_head":"<!-- This site is optimized with the Yoast SEO plugin v26.8 - https:\/\/yoast.com\/product\/yoast-seo-wordpress\/ -->\n<title>histoire d&#039;El Cordobes et de la Serra Li Pozzi - Il Melo Residence a Porto Torres<\/title>\n<meta name=\"robots\" content=\"index, follow, max-snippet:-1, max-image-preview:large, max-video-preview:-1\" \/>\n<link rel=\"canonical\" href=\"https:\/\/www.ilmeloresidence.it\/it\/il-residence\/storia-di-el-cordobes-e-serra-li-pozzi\/\" \/>\n<meta property=\"og:locale\" content=\"fr_FR\" \/>\n<meta property=\"og:type\" content=\"article\" \/>\n<meta property=\"og:title\" content=\"histoire d&#039;El Cordobes et de la Serra Li Pozzi - Il Melo Residence a Porto Torres\" \/>\n<meta property=\"og:description\" content=\"Ann\u00e9es 1960\/1970\u00a0: la naissance de Serra li Pozzi en m\u00e9moire de Giovanni Congiatu... \u00a0\u00a0\u00a0\u00a0\u00a0\u00a0\u00a0\u00a0\u00a0\u00a0\u00a0\u00a0\u00a0\u00a0\u00a0\u00a0\u00a0\u00a0\u00a0\u00a0\u00a0\u00a0\u00a0\u00a0\u00a0\u00a0\u00a0\u00a0\u00a0\u00a0\u00a0\u00a0\u00a0\u00a0\u00a0\u00a0\u00a0\u00a0\u00a0\u00a0\u00a0\u00a0\u00a0\u00a0\u00a0\u00a0\u00a0\u00a0\u00a0\u00a0\u00a0\u00a0\u00a0\u00a0\u00a0\u00a0\u00a0\u00a0\u00a0\u00a0\u00a0\u00a0\u00a0\u00a0\u00a0\u00a0\u00a0\u00a0\u00a0\u00a0\u00a0\u00a0\u00a0\u00a0\u00a0\u00a0\u00a0\u00a0\u00a0\u00a0\u00a0\u00a0\u00a0\u00a0\u00a0\u00a0\u00a0\u00a0\u00a0\u00a0\u00a0\u00a0\u00a0par Emanuele Fancellu Entrepreneurs, danses et toreros c\u00e9l\u00e8bres. Derri\u00e8re El Cordobes, l&#039;une des discoth\u00e8ques les plus c\u00e9l\u00e8bres de Porto Torres, se cache tout cela et bien plus encore. Cette salle de danse est n\u00e9e \u00e0 l&#039;aube du miracle \u00e9conomique de SIR. L&#039;usine [&hellip;]\" \/>\n<meta property=\"og:url\" content=\"https:\/\/www.ilmeloresidence.it\/it\/il-residence\/storia-di-el-cordobes-e-serra-li-pozzi\/\" \/>\n<meta property=\"og:site_name\" content=\"Il Melo Residence a Porto Torres\" \/>\n<meta property=\"article:modified_time\" content=\"2025-12-04T16:02:19+00:00\" \/>\n<meta name=\"twitter:card\" content=\"summary_large_image\" \/>\n<meta name=\"twitter:label1\" content=\"Dur\u00e9e de lecture estim\u00e9e\" \/>\n\t<meta name=\"twitter:data1\" content=\"4 minutes\" \/>\n<script type=\"application\/ld+json\" class=\"yoast-schema-graph\">{\"@context\":\"https:\/\/schema.org\",\"@graph\":[{\"@type\":\"WebPage\",\"@id\":\"https:\/\/www.ilmeloresidence.it\/it\/il-residence\/storia-di-el-cordobes-e-serra-li-pozzi\/\",\"url\":\"https:\/\/www.ilmeloresidence.it\/it\/il-residence\/storia-di-el-cordobes-e-serra-li-pozzi\/\",\"name\":\"histoire d'El Cordobes et de la Serra Li Pozzi - Il Melo Residence a Porto Torres\",\"isPartOf\":{\"@id\":\"https:\/\/www.ilmeloresidence.it\/it\/#website\"},\"datePublished\":\"2025-09-30T12:54:21+00:00\",\"dateModified\":\"2025-12-04T16:02:19+00:00\",\"breadcrumb\":{\"@id\":\"https:\/\/www.ilmeloresidence.it\/it\/il-residence\/storia-di-el-cordobes-e-serra-li-pozzi\/#breadcrumb\"},\"inLanguage\":\"fr-FR\",\"potentialAction\":[{\"@type\":\"ReadAction\",\"target\":[\"https:\/\/www.ilmeloresidence.it\/it\/il-residence\/storia-di-el-cordobes-e-serra-li-pozzi\/\"]}]},{\"@type\":\"BreadcrumbList\",\"@id\":\"https:\/\/www.ilmeloresidence.it\/it\/il-residence\/storia-di-el-cordobes-e-serra-li-pozzi\/#breadcrumb\",\"itemListElement\":[{\"@type\":\"ListItem\",\"position\":1,\"name\":\"Home\",\"item\":\"https:\/\/www.ilmeloresidence.it\/fr\/page-daccueil\/\"},{\"@type\":\"ListItem\",\"position\":2,\"name\":\"Il Melo\",\"item\":\"https:\/\/www.ilmeloresidence.it\/it\/il-residence\/\"},{\"@type\":\"ListItem\",\"position\":3,\"name\":\"histoire d&#8217;El Cordobes et de la Serra Li Pozzi\"}]},{\"@type\":\"WebSite\",\"@id\":\"https:\/\/www.ilmeloresidence.it\/it\/#website\",\"url\":\"https:\/\/www.ilmeloresidence.it\/it\/\",\"name\":\"Il Melo Residence a Porto Torres\",\"description\":\"L&#039;accoglienza del Nord Sardegna\",\"potentialAction\":[{\"@type\":\"SearchAction\",\"target\":{\"@type\":\"EntryPoint\",\"urlTemplate\":\"https:\/\/www.ilmeloresidence.it\/it\/?s={search_term_string}\"},\"query-input\":{\"@type\":\"PropertyValueSpecification\",\"valueRequired\":true,\"valueName\":\"search_term_string\"}}],\"inLanguage\":\"fr-FR\"}]}<\/script>\n<!-- \/ Yoast SEO plugin. -->","yoast_head_json":{"title":"histoire d'El Cordobes et de la Serra Li Pozzi - Il Melo Residence a Porto Torres","robots":{"index":"index","follow":"follow","max-snippet":"max-snippet:-1","max-image-preview":"max-image-preview:large","max-video-preview":"max-video-preview:-1"},"canonical":"https:\/\/www.ilmeloresidence.it\/it\/il-residence\/storia-di-el-cordobes-e-serra-li-pozzi\/","og_locale":"fr_FR","og_type":"article","og_title":"histoire d'El Cordobes et de la Serra Li Pozzi - Il Melo Residence a Porto Torres","og_description":"Ann\u00e9es 1960\/1970\u00a0: la naissance de Serra li Pozzi en m\u00e9moire de Giovanni Congiatu... \u00a0\u00a0\u00a0\u00a0\u00a0\u00a0\u00a0\u00a0\u00a0\u00a0\u00a0\u00a0\u00a0\u00a0\u00a0\u00a0\u00a0\u00a0\u00a0\u00a0\u00a0\u00a0\u00a0\u00a0\u00a0\u00a0\u00a0\u00a0\u00a0\u00a0\u00a0\u00a0\u00a0\u00a0\u00a0\u00a0\u00a0\u00a0\u00a0\u00a0\u00a0\u00a0\u00a0\u00a0\u00a0\u00a0\u00a0\u00a0\u00a0\u00a0\u00a0\u00a0\u00a0\u00a0\u00a0\u00a0\u00a0\u00a0\u00a0\u00a0\u00a0\u00a0\u00a0\u00a0\u00a0\u00a0\u00a0\u00a0\u00a0\u00a0\u00a0\u00a0\u00a0\u00a0\u00a0\u00a0\u00a0\u00a0\u00a0\u00a0\u00a0\u00a0\u00a0\u00a0\u00a0\u00a0\u00a0\u00a0\u00a0\u00a0\u00a0\u00a0\u00a0par Emanuele Fancellu Entrepreneurs, danses et toreros c\u00e9l\u00e8bres. Derri\u00e8re El Cordobes, l'une des discoth\u00e8ques les plus c\u00e9l\u00e8bres de Porto Torres, se cache tout cela et bien plus encore. Cette salle de danse est n\u00e9e \u00e0 l'aube du miracle \u00e9conomique de SIR. L'usine [&hellip;]","og_url":"https:\/\/www.ilmeloresidence.it\/it\/il-residence\/storia-di-el-cordobes-e-serra-li-pozzi\/","og_site_name":"Il Melo Residence a Porto Torres","article_modified_time":"2025-12-04T16:02:19+00:00","twitter_card":"summary_large_image","twitter_misc":{"Dur\u00e9e de lecture estim\u00e9e":"4 minutes"},"schema":{"@context":"https:\/\/schema.org","@graph":[{"@type":"WebPage","@id":"https:\/\/www.ilmeloresidence.it\/it\/il-residence\/storia-di-el-cordobes-e-serra-li-pozzi\/","url":"https:\/\/www.ilmeloresidence.it\/it\/il-residence\/storia-di-el-cordobes-e-serra-li-pozzi\/","name":"histoire d'El Cordobes et de la Serra Li Pozzi - Il Melo Residence a Porto Torres","isPartOf":{"@id":"https:\/\/www.ilmeloresidence.it\/it\/#website"},"datePublished":"2025-09-30T12:54:21+00:00","dateModified":"2025-12-04T16:02:19+00:00","breadcrumb":{"@id":"https:\/\/www.ilmeloresidence.it\/it\/il-residence\/storia-di-el-cordobes-e-serra-li-pozzi\/#breadcrumb"},"inLanguage":"fr-FR","potentialAction":[{"@type":"ReadAction","target":["https:\/\/www.ilmeloresidence.it\/it\/il-residence\/storia-di-el-cordobes-e-serra-li-pozzi\/"]}]},{"@type":"BreadcrumbList","@id":"https:\/\/www.ilmeloresidence.it\/it\/il-residence\/storia-di-el-cordobes-e-serra-li-pozzi\/#breadcrumb","itemListElement":[{"@type":"ListItem","position":1,"name":"Home","item":"https:\/\/www.ilmeloresidence.it\/fr\/page-daccueil\/"},{"@type":"ListItem","position":2,"name":"Il Melo","item":"https:\/\/www.ilmeloresidence.it\/it\/il-residence\/"},{"@type":"ListItem","position":3,"name":"histoire d&#8217;El Cordobes et de la Serra Li Pozzi"}]},{"@type":"WebSite","@id":"https:\/\/www.ilmeloresidence.it\/it\/#website","url":"https:\/\/www.ilmeloresidence.it\/it\/","name":"Il Melo Residence a Porto Torres","description":"L&#039;accoglienza del Nord Sardegna","potentialAction":[{"@type":"SearchAction","target":{"@type":"EntryPoint","urlTemplate":"https:\/\/www.ilmeloresidence.it\/it\/?s={search_term_string}"},"query-input":{"@type":"PropertyValueSpecification","valueRequired":true,"valueName":"search_term_string"}}],"inLanguage":"fr-FR"}]}},"_links":{"self":[{"href":"https:\/\/www.ilmeloresidence.it\/fr\/wp-json\/wp\/v2\/pages\/5749","targetHints":{"allow":["GET"]}}],"collection":[{"href":"https:\/\/www.ilmeloresidence.it\/fr\/wp-json\/wp\/v2\/pages"}],"about":[{"href":"https:\/\/www.ilmeloresidence.it\/fr\/wp-json\/wp\/v2\/types\/page"}],"author":[{"embeddable":true,"href":"https:\/\/www.ilmeloresidence.it\/fr\/wp-json\/wp\/v2\/users\/1"}],"replies":[{"embeddable":true,"href":"https:\/\/www.ilmeloresidence.it\/fr\/wp-json\/wp\/v2\/comments?post=5749"}],"version-history":[{"count":9,"href":"https:\/\/www.ilmeloresidence.it\/fr\/wp-json\/wp\/v2\/pages\/5749\/revisions"}],"predecessor-version":[{"id":6474,"href":"https:\/\/www.ilmeloresidence.it\/fr\/wp-json\/wp\/v2\/pages\/5749\/revisions\/6474"}],"up":[{"embeddable":true,"href":"https:\/\/www.ilmeloresidence.it\/fr\/wp-json\/wp\/v2\/pages\/5631"}],"wp:attachment":[{"href":"https:\/\/www.ilmeloresidence.it\/fr\/wp-json\/wp\/v2\/media?parent=5749"}],"curies":[{"name":"wp","href":"https:\/\/api.w.org\/{rel}","templated":true}]}}